{"id":1021,"date":"2026-04-03T16:33:44","date_gmt":"2026-04-03T14:33:44","guid":{"rendered":"https:\/\/cptsruscino.fr\/?page_id=1021"},"modified":"2026-04-03T16:34:52","modified_gmt":"2026-04-03T14:34:52","slug":"pamsu","status":"publish","type":"page","link":"https:\/\/cptsruscino.fr\/?page_id=1021","title":{"rendered":"PAMSU"},"content":{"rendered":"\n<p>La formation des futurs m\u00e9decins repose en grande partie sur l\u2019engagement des praticiens de terrain. \u00c0 travers ce document, la&nbsp;<strong>Facult\u00e9 de M\u00e9decine Montpellier-N\u00eemes<\/strong>&nbsp;et le&nbsp;<strong>Coll\u00e8ge R\u00e9gional des G\u00e9n\u00e9ralistes Enseignants (CRGE-LR)<\/strong>&nbsp;rappellent l\u2019importance du r\u00f4le des&nbsp;<strong>Praticiens Agr\u00e9\u00e9s Ma\u00eetres de Stage des Universit\u00e9s (PAMSU)<\/strong>&nbsp;dans la formation des externes et internes de m\u00e9decine g\u00e9n\u00e9rale. Accueillir un \u00e9tudiant en stage, c\u2019est contribuer activement \u00e0 la qualit\u00e9 de la formation, valoriser l\u2019exercice de la m\u00e9decine de premier recours et renforcer l\u2019attractivit\u00e9 de notre territoire.<\/p>\n\n\n\n<p>T\u00e9l\u00e9chargez ci-dessous le document complet pour d\u00e9couvrir les modalit\u00e9s, les niveaux de stage et les contacts pour devenir PAMSU.<\/p>\n\n\n\n<div data-wp-interactive=\"core\/file\" class=\"wp-block-file\"><object data-wp-bind--hidden=\"!state.hasPdfPreview\" hidden class=\"wp-block-file__embed\" data=\"https:\/\/cptsruscino.fr\/wp-content\/uploads\/2026\/04\/Former-aujourdhui-les-medecins-de-demain-.pdf\" type=\"application\/pdf\" style=\"width:100%;height:600px\" aria-label=\"Contenu embarqu\u00e9 Former-aujourdhui-les-medecins-de-demain-.\"><\/object><a id=\"wp-block-file--media-3ac6fdc7-e168-47b9-8e83-bbe6f2e2dd2a\" href=\"https:\/\/cptsruscino.fr\/wp-content\/uploads\/2026\/04\/Former-aujourdhui-les-medecins-de-demain-.pdf\">Former-aujourdhui-les-medecins-de-demain-<\/a><a href=\"https:\/\/cptsruscino.fr\/wp-content\/uploads\/2026\/04\/Former-aujourdhui-les-medecins-de-demain-.pdf\" class=\"wp-block-file__button wp-element-button\" download aria-describedby=\"wp-block-file--media-3ac6fdc7-e168-47b9-8e83-bbe6f2e2dd2a\">T\u00e9l\u00e9charger<\/a><\/div>\n","protected":false},"excerpt":{"rendered":"<p>La formation des futurs m\u00e9decins repose en grande partie sur l\u2019engagement des praticiens de terrain. \u00c0 travers ce document, la&nbsp;Facult\u00e9 de M\u00e9decine Montpellier-N\u00eemes&nbsp;et le&nbsp;Coll\u00e8ge R\u00e9gional des G\u00e9n\u00e9ralistes Enseignants (CRGE-LR)&nbsp;rappellent l\u2019importance du r\u00f4le des&nbsp;Praticiens Agr\u00e9\u00e9s Ma\u00eetres de Stage des Universit\u00e9s (PAMSU)&nbsp;dans la formation des externes et internes de m\u00e9decine g\u00e9n\u00e9rale. Accueillir un \u00e9tudiant en stage, c\u2019est [&hellip;]<\/p>\n","protected":false},"author":1,"featured_media":0,"parent":0,"menu_order":0,"comment_status":"closed","ping_status":"closed","template":"","meta":{"saved_in_kubio":false,"footnotes":""},"class_list":["post-1021","page","type-page","status-publish","hentry"],"kubio_ai_page_context":{"short_desc":"","purpose":"general"},"_links":{"self":[{"href":"https:\/\/cptsruscino.fr\/index.php?rest_route=\/wp\/v2\/pages\/1021","targetHints":{"allow":["GET"]}}],"collection":[{"href":"https:\/\/cptsruscino.fr\/index.php?rest_route=\/wp\/v2\/pages"}],"about":[{"href":"https:\/\/cptsruscino.fr\/index.php?rest_route=\/wp\/v2\/types\/page"}],"author":[{"embeddable":true,"href":"https:\/\/cptsruscino.fr\/index.php?rest_route=\/wp\/v2\/users\/1"}],"replies":[{"embeddable":true,"href":"https:\/\/cptsruscino.fr\/index.php?rest_route=%2Fwp%2Fv2%2Fcomments&post=1021"}],"version-history":[{"count":2,"href":"https:\/\/cptsruscino.fr\/index.php?rest_route=\/wp\/v2\/pages\/1021\/revisions"}],"predecessor-version":[{"id":1025,"href":"https:\/\/cptsruscino.fr\/index.php?rest_route=\/wp\/v2\/pages\/1021\/revisions\/1025"}],"wp:attachment":[{"href":"https:\/\/cptsruscino.fr\/index.php?rest_route=%2Fwp%2Fv2%2Fmedia&parent=1021"}],"curies":[{"name":"wp","href":"https:\/\/api.w.org\/{rel}","templated":true}]}}