{"id":717,"date":"2025-09-12T11:08:02","date_gmt":"2025-09-12T09:08:02","guid":{"rendered":"https:\/\/cptsruscino.fr\/?page_id=717"},"modified":"2026-03-24T09:52:25","modified_gmt":"2026-03-24T08:52:25","slug":"ressources-territoriales","status":"publish","type":"page","link":"https:\/\/cptsruscino.fr\/?page_id=717","title":{"rendered":"Ressources territoriales"},"content":{"rendered":"\n<p>La page <em>Ressources territoriales<\/em> met \u00e0 votre disposition une s\u00e9lection de documents utiles pour mieux comprendre, accompagner et d\u00e9velopper les projets de sant\u00e9 sur notre territoire. Vous y trouverez des guides, protocoles, comptes rendus et supports pratiques \u00e9labor\u00e9s avec nos partenaires. Cet espace est con\u00e7u comme une bo\u00eete \u00e0 outils partag\u00e9e, destin\u00e9e \u00e0 faciliter la coordination, la pr\u00e9vention et l\u2019innovation au service des professionnels et des habitants.<\/p>\n\n\n\n<div data-wp-interactive=\"core\/file\" class=\"wp-block-file\"><object data-wp-bind--hidden=\"!state.hasPdfPreview\" hidden class=\"wp-block-file__embed\" data=\"https:\/\/cptsruscino.fr\/wp-content\/uploads\/2026\/03\/Livret-prevention-APPOLO.pdf\" type=\"application\/pdf\" style=\"width:100%;height:600px\" aria-label=\"Contenu embarqu\u00e9 Livret pr\u00e9vention APPOLO.\"><\/object><a id=\"wp-block-file--media-6d246dc7-1fae-4ec9-990f-e984c056d949\" href=\"https:\/\/cptsruscino.fr\/wp-content\/uploads\/2026\/03\/Livret-prevention-APPOLO.pdf\">Livret pr\u00e9vention APPOLO<\/a><a href=\"https:\/\/cptsruscino.fr\/wp-content\/uploads\/2026\/03\/Livret-prevention-APPOLO.pdf\" class=\"wp-block-file__button wp-element-button\" download aria-describedby=\"wp-block-file--media-6d246dc7-1fae-4ec9-990f-e984c056d949\">T\u00e9l\u00e9charger<\/a><\/div>\n\n\n\n<div data-wp-interactive=\"core\/file\" class=\"wp-block-file\"><object data-wp-bind--hidden=\"!state.hasPdfPreview\" hidden class=\"wp-block-file__embed\" data=\"https:\/\/cptsruscino.fr\/wp-content\/uploads\/2025\/09\/Ressources-ICOPE-CPTS-Ruscino.pdf\" type=\"application\/pdf\" style=\"width:100%;height:600px\" aria-label=\"Contenu embarqu\u00e9 Ressources ICOPE CPTS Ruscino.\"><\/object><a id=\"wp-block-file--media-8cde8008-5887-4480-8ffa-15e3d69416ad\" href=\"https:\/\/cptsruscino.fr\/wp-content\/uploads\/2025\/09\/Ressources-ICOPE-CPTS-Ruscino.pdf\">Ressources ICOPE CPTS Ruscino<\/a><a href=\"https:\/\/cptsruscino.fr\/wp-content\/uploads\/2025\/09\/Ressources-ICOPE-CPTS-Ruscino.pdf\" class=\"wp-block-file__button wp-element-button\" download aria-describedby=\"wp-block-file--media-8cde8008-5887-4480-8ffa-15e3d69416ad\">T\u00e9l\u00e9charger<\/a><\/div>\n\n\n\n<div data-wp-interactive=\"core\/file\" class=\"wp-block-file\"><object data-wp-bind--hidden=\"!state.hasPdfPreview\" hidden class=\"wp-block-file__embed\" data=\"https:\/\/cptsruscino.fr\/wp-content\/uploads\/2025\/09\/Ressources-territorial-Aidants-66.pdf\" type=\"application\/pdf\" style=\"width:100%;height:600px\" aria-label=\"Contenu embarqu\u00e9 Ressources territorial Aidants 66.\"><\/object><a id=\"wp-block-file--media-5530c386-0580-4948-bd9e-c8064710b5d3\" href=\"https:\/\/cptsruscino.fr\/wp-content\/uploads\/2025\/09\/Ressources-territorial-Aidants-66.pdf\">Ressources territorial Aidants 66<\/a><a href=\"https:\/\/cptsruscino.fr\/wp-content\/uploads\/2025\/09\/Ressources-territorial-Aidants-66.pdf\" class=\"wp-block-file__button wp-element-button\" download aria-describedby=\"wp-block-file--media-5530c386-0580-4948-bd9e-c8064710b5d3\">T\u00e9l\u00e9charger<\/a><\/div>\n","protected":false},"excerpt":{"rendered":"<p>La page Ressources territoriales met \u00e0 votre disposition une s\u00e9lection de documents utiles pour mieux comprendre, accompagner et d\u00e9velopper les projets de sant\u00e9 sur notre territoire. Vous y trouverez des guides, protocoles, comptes rendus et supports pratiques \u00e9labor\u00e9s avec nos partenaires. Cet espace est con\u00e7u comme une bo\u00eete \u00e0 outils partag\u00e9e, destin\u00e9e \u00e0 faciliter la [&hellip;]<\/p>\n","protected":false},"author":1,"featured_media":0,"parent":0,"menu_order":0,"comment_status":"closed","ping_status":"closed","template":"","meta":{"saved_in_kubio":false,"footnotes":""},"class_list":["post-717","page","type-page","status-publish","hentry"],"kubio_ai_page_context":{"short_desc":"","purpose":"general"},"_links":{"self":[{"href":"https:\/\/cptsruscino.fr\/index.php?rest_route=\/wp\/v2\/pages\/717","targetHints":{"allow":["GET"]}}],"collection":[{"href":"https:\/\/cptsruscino.fr\/index.php?rest_route=\/wp\/v2\/pages"}],"about":[{"href":"https:\/\/cptsruscino.fr\/index.php?rest_route=\/wp\/v2\/types\/page"}],"author":[{"embeddable":true,"href":"https:\/\/cptsruscino.fr\/index.php?rest_route=\/wp\/v2\/users\/1"}],"replies":[{"embeddable":true,"href":"https:\/\/cptsruscino.fr\/index.php?rest_route=%2Fwp%2Fv2%2Fcomments&post=717"}],"version-history":[{"count":2,"href":"https:\/\/cptsruscino.fr\/index.php?rest_route=\/wp\/v2\/pages\/717\/revisions"}],"predecessor-version":[{"id":1020,"href":"https:\/\/cptsruscino.fr\/index.php?rest_route=\/wp\/v2\/pages\/717\/revisions\/1020"}],"wp:attachment":[{"href":"https:\/\/cptsruscino.fr\/index.php?rest_route=%2Fwp%2Fv2%2Fmedia&parent=717"}],"curies":[{"name":"wp","href":"https:\/\/api.w.org\/{rel}","templated":true}]}}