{"id":732,"date":"2025-09-30T09:01:26","date_gmt":"2025-09-30T07:01:26","guid":{"rendered":"https:\/\/cptsruscino.fr\/?page_id=732"},"modified":"2025-09-30T09:01:26","modified_gmt":"2025-09-30T07:01:26","slug":"organigramme","status":"publish","type":"page","link":"https:\/\/cptsruscino.fr\/?page_id=732","title":{"rendered":"Organigramme"},"content":{"rendered":"\n\n\n<p>La CPTS Ruscino fonctionne sur un mod\u00e8le participatif.<br>Les membres (professionnels de sant\u00e9, du social, du m\u00e9dico-social, \u00e9tablissements et partenaires) donnent mandat au Bureau et \u00e0 la Pr\u00e9sidence pour d\u00e9finir et porter la strat\u00e9gie de la CPTS.<\/p>\n\n\n\n<p>Le Bureau travaille en lien \u00e9troit avec le Directeur, qui assure la coordination op\u00e9rationnelle.<br>Le Directeur encadre l\u2019\u00e9quipe de coordination (parcours de sant\u00e9, pr\u00e9vention et sant\u00e9 publique, finances et qualit\u00e9) et fait le lien avec les r\u00e9f\u00e9rents des diff\u00e9rents groupes de travail.<\/p>\n\n\n\n<p>Ces groupes de travail (acc\u00e8s aux soins, parcours de sant\u00e9, pr\u00e9vention, SSE, qualit\u00e9 et pertinence des soins, accompagnement des professionnels) rassemblent les acteurs du territoire pour mettre en \u0153uvre les projets et actions de la CPTS.<\/p>\n","protected":false},"excerpt":{"rendered":"<p>La CPTS Ruscino fonctionne sur un mod\u00e8le participatif.Les membres (professionnels de sant\u00e9, du social, du m\u00e9dico-social, \u00e9tablissements et partenaires) donnent mandat au Bureau et \u00e0 la Pr\u00e9sidence pour d\u00e9finir et porter la strat\u00e9gie de la CPTS. Le Bureau travaille en lien \u00e9troit avec le Directeur, qui assure la coordination op\u00e9rationnelle.Le Directeur encadre l\u2019\u00e9quipe de coordination [&hellip;]<\/p>\n","protected":false},"author":1,"featured_media":0,"parent":0,"menu_order":0,"comment_status":"closed","ping_status":"closed","template":"","meta":{"saved_in_kubio":false,"footnotes":""},"class_list":["post-732","page","type-page","status-publish","hentry"],"kubio_ai_page_context":{"short_desc":"","purpose":"general"},"_links":{"self":[{"href":"https:\/\/cptsruscino.fr\/index.php?rest_route=\/wp\/v2\/pages\/732","targetHints":{"allow":["GET"]}}],"collection":[{"href":"https:\/\/cptsruscino.fr\/index.php?rest_route=\/wp\/v2\/pages"}],"about":[{"href":"https:\/\/cptsruscino.fr\/index.php?rest_route=\/wp\/v2\/types\/page"}],"author":[{"embeddable":true,"href":"https:\/\/cptsruscino.fr\/index.php?rest_route=\/wp\/v2\/users\/1"}],"replies":[{"embeddable":true,"href":"https:\/\/cptsruscino.fr\/index.php?rest_route=%2Fwp%2Fv2%2Fcomments&post=732"}],"version-history":[{"count":1,"href":"https:\/\/cptsruscino.fr\/index.php?rest_route=\/wp\/v2\/pages\/732\/revisions"}],"predecessor-version":[{"id":735,"href":"https:\/\/cptsruscino.fr\/index.php?rest_route=\/wp\/v2\/pages\/732\/revisions\/735"}],"wp:attachment":[{"href":"https:\/\/cptsruscino.fr\/index.php?rest_route=%2Fwp%2Fv2%2Fmedia&parent=732"}],"curies":[{"name":"wp","href":"https:\/\/api.w.org\/{rel}","templated":true}]}}